{"id":6847,"date":"2024-09-30T22:23:24","date_gmt":"2024-09-30T20:23:24","guid":{"rendered":"https:\/\/maisonblanche.gestioncopro.eu\/?page_id=6847"},"modified":"2024-09-30T22:31:38","modified_gmt":"2024-09-30T20:31:38","slug":"newsletterss","status":"publish","type":"page","link":"https:\/\/maisonblanche.gestioncopro.eu\/?page_id=6847","title":{"rendered":"Newsletters"},"content":{"rendered":"Vous devez \u00eatre connect\u00e9 pour voir ce contenu.","protected":false},"excerpt":{"rendered":"Vous devez \u00eatre connect\u00e9 pour voir ce contenu.","protected":false},"author":1,"featured_media":0,"parent":0,"menu_order":0,"comment_status":"closed","ping_status":"closed","template":"","meta":{"cybocfi_hide_featured_image":"","footnotes":""},"folder":[],"class_list":["post-6847","page","type-page","status-publish","hentry"],"_links":{"self":[{"href":"https:\/\/maisonblanche.gestioncopro.eu\/index.php?rest_route=\/wp\/v2\/pages\/6847","targetHints":{"allow":["GET"]}}],"collection":[{"href":"https:\/\/maisonblanche.gestioncopro.eu\/index.php?rest_route=\/wp\/v2\/pages"}],"about":[{"href":"https:\/\/maisonblanche.gestioncopro.eu\/index.php?rest_route=\/wp\/v2\/types\/page"}],"author":[{"embeddable":true,"href":"https:\/\/maisonblanche.gestioncopro.eu\/index.php?rest_route=\/wp\/v2\/users\/1"}],"replies":[{"embeddable":true,"href":"https:\/\/maisonblanche.gestioncopro.eu\/index.php?rest_route=%2Fwp%2Fv2%2Fcomments&post=6847"}],"version-history":[{"count":6,"href":"https:\/\/maisonblanche.gestioncopro.eu\/index.php?rest_route=\/wp\/v2\/pages\/6847\/revisions"}],"predecessor-version":[{"id":6852,"href":"https:\/\/maisonblanche.gestioncopro.eu\/index.php?rest_route=\/wp\/v2\/pages\/6847\/revisions\/6852"}],"wp:attachment":[{"href":"https:\/\/maisonblanche.gestioncopro.eu\/index.php?rest_route=%2Fwp%2Fv2%2Fmedia&parent=6847"}],"wp:term":[{"taxonomy":"folder","embeddable":true,"href":"https:\/\/maisonblanche.gestioncopro.eu\/index.php?rest_route=%2Fwp%2Fv2%2Ffolder&post=6847"}],"curies":[{"name":"wp","href":"https:\/\/api.w.org\/{rel}","templated":true}]}}