{"id":4182,"date":"2021-10-12T22:55:37","date_gmt":"2021-10-12T20:55:37","guid":{"rendered":"http:\/\/maisonblanche.gestioncopro.eu\/?page_id=4182"},"modified":"2024-09-14T15:34:27","modified_gmt":"2024-09-14T13:34:27","slug":"actualites","status":"publish","type":"page","link":"https:\/\/maisonblanche.gestioncopro.eu\/?page_id=4182","title":{"rendered":"Actualit\u00e9s"},"content":{"rendered":"Vous devez \u00eatre connect\u00e9 pour voir ce contenu.","protected":false},"excerpt":{"rendered":"Vous devez \u00eatre connect\u00e9 pour voir ce contenu.","protected":false},"author":1,"featured_media":0,"parent":0,"menu_order":0,"comment_status":"open","ping_status":"closed","template":"","meta":{"cybocfi_hide_featured_image":"","footnotes":""},"folder":[200],"class_list":["post-4182","page","type-page","status-publish","hentry"],"_links":{"self":[{"href":"https:\/\/maisonblanche.gestioncopro.eu\/index.php?rest_route=\/wp\/v2\/pages\/4182","targetHints":{"allow":["GET"]}}],"collection":[{"href":"https:\/\/maisonblanche.gestioncopro.eu\/index.php?rest_route=\/wp\/v2\/pages"}],"about":[{"href":"https:\/\/maisonblanche.gestioncopro.eu\/index.php?rest_route=\/wp\/v2\/types\/page"}],"author":[{"embeddable":true,"href":"https:\/\/maisonblanche.gestioncopro.eu\/index.php?rest_route=\/wp\/v2\/users\/1"}],"replies":[{"embeddable":true,"href":"https:\/\/maisonblanche.gestioncopro.eu\/index.php?rest_route=%2Fwp%2Fv2%2Fcomments&post=4182"}],"version-history":[{"count":95,"href":"https:\/\/maisonblanche.gestioncopro.eu\/index.php?rest_route=\/wp\/v2\/pages\/4182\/revisions"}],"predecessor-version":[{"id":6782,"href":"https:\/\/maisonblanche.gestioncopro.eu\/index.php?rest_route=\/wp\/v2\/pages\/4182\/revisions\/6782"}],"wp:attachment":[{"href":"https:\/\/maisonblanche.gestioncopro.eu\/index.php?rest_route=%2Fwp%2Fv2%2Fmedia&parent=4182"}],"wp:term":[{"taxonomy":"folder","embeddable":true,"href":"https:\/\/maisonblanche.gestioncopro.eu\/index.php?rest_route=%2Fwp%2Fv2%2Ffolder&post=4182"}],"curies":[{"name":"wp","href":"https:\/\/api.w.org\/{rel}","templated":true}]}}